{"id":3681,"date":"2019-10-30T11:11:07","date_gmt":"2019-10-30T11:11:07","guid":{"rendered":"https:\/\/marbellapropiedades.com\/politica-de-cookies\/"},"modified":"2021-03-22T11:15:08","modified_gmt":"2021-03-22T11:15:08","slug":"cookies-policy","status":"publish","type":"page","link":"https:\/\/marbellapropiedades.com\/en\/cookies-policy\/","title":{"rendered":"Cookies Policy"},"content":{"rendered":"<h1>Pol\u00edtica de Cookies<\/h1>\n<p>Con el fin de facilitar su navegaci\u00f3n por el Sitio Web titularidad de <b>Marbella Propiedades<\/b>, le comunicamos que el mismo utiliza cookies u otros archivos de funcionalidad similar (en adelante, las \u201cCookies\u201d).<\/p>\n<p>En todo caso, le informamos que <b>Marbella Propiedades<\/b> es el responsable de las Cookies y del tratamiento de los datos obtenidos a trav\u00e9s de las mismas, decidiendo sobre la finalidad, contenido y uso del tratamiento de la informaci\u00f3n recabada.<\/p>\n<h2>\u00bfQu\u00e9 es una cookie?<\/h2>\n<p>Las Cookies son archivos que contienen peque\u00f1as cantidades de informaci\u00f3n que se descargan en el dispositivo del usuario cuando visita una p\u00e1gina web. Su finalidad principal es reconocer al usuario cada vez que accede al Sitio Web permitiendo, adem\u00e1s, mejorar la calidad y ofrecer un mejor uso del Sitio Web.<\/p>\n<p>Las Cookies son esenciales para el funcionamiento de Internet; no pueden da\u00f1ar el equipo\/dispositivo del Usuario y, si se encuentran activadas en la configuraci\u00f3n de su navegador, ayudan a identificar y resolver posibles errores de funcionamiento del Sitio Web.<\/p>\n<p>Las cookies pueden ser propias, cuando se env\u00edan al equipo del usuario desde un dominio gestionado por <b>Marbella Propiedades<\/b> y desde el que se presta el servicio solicitado, o pueden ser de terceros, cuando se env\u00edan al equipo del usuario desde un dominio que no es gestionado por <b>Marbella Propiedades<\/b>.<\/p>\n<h2>Uso de cookies por parte del <b>Marbella Propiedades<\/b><\/h2>\n<p>Mediante el acceso al Sitio Web acepta de manera expresa la utilizaci\u00f3n de este tipo de Cookies en sus dispositivos. Si desactiva las Cookies, puede que su navegaci\u00f3n por el Sitio Web no sea \u00f3ptima y algunas de las utilidades de que dispone el Sitio Web no funcionen correctamente.<\/p>\n<p>Entre otras, <b>Marbella Propiedades<\/b> est\u00e1 utilizando las Cookies para las finalidades que a continuaci\u00f3n se exponen.<\/p>\n<ol>\n<li>Cookies de an\u00e1lisis tanto propias como de terceros: Permiten al responsable de las mismas, el seguimiento y an\u00e1lisis del comportamiento de los usuarios de los sitios web.<\/li>\n<li>Cookies de personalizaci\u00f3n tanto propias como de terceros: Permiten al usuario acceder al servicio con algunas caracter\u00edsticas de car\u00e1cter general predefinidas en funci\u00f3n de una serie de criterios como, por ejemplo, la selecci\u00f3n del idioma.<\/li>\n<li>Cookies t\u00e9cnicas tanto propias como de terceros: Permiten al usuario la navegaci\u00f3n a trav\u00e9s de la p\u00e1gina web, y la utilizaci\u00f3n de las diferentes opciones o servicios de la misma.<\/li>\n<\/ol>\n<p>Listado de cookies que utilizamos:<\/p>\n<p><strong>Las cookies de esta web ayudan a:<\/strong><\/p>\n<ul>\n<li>Hacer que esta web funcione correctamente.<\/li>\n<li>Recordarte tus ajustes durante y entre las visitas.<\/li>\n<li>Mejorar la velocidad \/ seguridad del sitio.<\/li>\n<li>Mejorar continuamente este sitio web gracias a las labores de an\u00e1lisis.<\/li>\n<\/ul>\n<p><b>No utilizaremos jam\u00e1s cookies para:<\/b><\/p>\n<ul>\n<li>Recoger informaci\u00f3n de identificaci\u00f3n personal (sin su permiso expreso).<\/li>\n<li>Recoger informaci\u00f3n sensible (sin su permiso expreso).<\/li>\n<li>Compartir datos de identificaci\u00f3n personal a terceros.<\/li>\n<\/ul>\n<h2>Cookies propias que usamos<\/h2>\n<ul>\n<li><strong>Cookies t\u00e9cnicas<\/strong>: Son las m\u00e1s elementales y permiten, entre otras cosas, saber cu\u00e1ndo est\u00e1 navegando un humano o una aplicaci\u00f3n automatizada, cu\u00e1ndo navega un usuario an\u00f3nimo y uno registrado, tareas b\u00e1sicas para el funcionamiento de cualquier web din\u00e1mica. Usamos la cookie \u201cviewed_cookie_policy\u201d para conocer si se ha pulsado el bot\u00f3n aceptar de la pol\u00edtica de cookies .<\/li>\n<\/ul>\n<h2>Cookies de terceros que utilizamos y que debe conocer<\/h2>\n<p>Las cookies de terceros que usamos son de los siguientes tipos:<\/p>\n<ul>\n<li><b>Cookies de an\u00e1lisis:<\/b>\u00a0Son aqu\u00e9llas que bien tratadas por <b>Marbella Propiedades<\/b> o por terceros, nos permiten cuantificar el n\u00famero de usuarios y as\u00ed realizar la medici\u00f3n y an\u00e1lisis estad\u00edstico de la utilizaci\u00f3n que hacen los usuarios del servicio ofertado. Para ello se analiza su navegaci\u00f3n en mi p\u00e1gina web con el fin de mejorar la oferta de productos o servicios que le ofrecemos. <b>Marbella Propiedades<\/b> utiliza Google Analytics, un servicio anal\u00edtico de web prestado por Google, Inc. con domicilio en los Estados Unidos con sede central en 1600 Amphitheatre Parkway, Mountain View, California 94043.\u00a0 Este servicio nos ayuda a analizar el uso que hacen los usuarios del sitio web y mejorar la usabilidad del mismo, pero en ning\u00fan caso se asocian a datos que pudieran llegar a identificar al usuario ya que tenemos configurado el servicio para anonimizar la IP. Para la prestaci\u00f3n de estos servicios, estos utilizan cookies que recopilan la informaci\u00f3n que ser\u00e1 transmitida, tratada y almacenada por Google en los\u00a0<a href=\"https:\/\/www.google.es\/intl\/es\/policies\/technologies\/types\/\" target=\"_blank\" rel=\"noopener noreferrer\">t\u00e9rminos fijados<\/a>\u00a0por Google Inc.<\/li>\n<\/ul>\n<h2><strong>Actuaci\u00f3n del usuario para evitar Cookies<\/strong><\/h2>\n<p>En cumplimiento de la normativa legal vigente, ponemos a su disposici\u00f3n la informaci\u00f3n que permite configurar su navegador de Internet para mantener su privacidad y seguridad en relaci\u00f3n con las Cookies. Por ello, le facilitamos la informaci\u00f3n y enlaces a los sitios de soporte oficiales de los principales navegadores para que pueda decidir si desea o no aceptar el uso de Cookies.<\/p>\n<p>As\u00ed, puede bloquear las Cookies a trav\u00e9s de las herramientas de configuraci\u00f3n del navegador, o bien, puede configurar su navegador para que le avise cuando un servidor quiera guardar una Cookie:<\/p>\n<ul>\n<li>Para obtener informaci\u00f3n de la gesti\u00f3n de cookies en Internet Explorer\u00a0<a href=\"https:\/\/support.microsoft.com\/es-es\/help\/17442\/windows-internet-explorer-delete-manage-cookies#ie=ie-10-win-7\" target=\"_blank\" rel=\"noopener noreferrer\">pulse aqu\u00ed<\/a>.<\/li>\n<li>Para obtener informaci\u00f3n de c\u00f3mo gestionar las cookies en Chrome\u00a0<a href=\"https:\/\/support.google.com\/chrome\/answer\/95647?hl=es\" target=\"_blank\" rel=\"noopener noreferrer\">pulse aqu\u00ed<\/a>.<\/li>\n<li>Para obtener informaci\u00f3n de c\u00f3mo gestionar las cookies en Firefox\u00a0<a href=\"https:\/\/support.mozilla.org\/es\/kb\/habilitar-y-deshabilitar-cookies-sitios-web-rastrear-preferencias?redirectlocale=es&amp;redirectslug=habilitar-y-deshabilitar-cookies-que-los-sitios-we\" target=\"_blank\" rel=\"noopener noreferrer\">pulse aqu\u00ed<\/a>.<\/li>\n<li>Para obtener informaci\u00f3n de c\u00f3mo gestionar las cookies en Opera\u00a0<a href=\"http:\/\/help.opera.com\/Windows\/11.50\/es-ES\/cookies.html\" target=\"_blank\" rel=\"noopener noreferrer\">pulse aqu\u00ed<\/a>.<\/li>\n<li>Para obtener informaci\u00f3n de c\u00f3mo gestionar las cookies en Safari\u00a0<a href=\"https:\/\/support.apple.com\/es-es\/HT201265\" target=\"_blank\" rel=\"noopener noreferrer\">pulse aqu\u00ed<\/a>.<\/li>\n<\/ul>\n<p>En caso de que el Usuario decida desactivar todas las Cookies, la calidad y rapidez del servicio podr\u00eda disminuir e, incluso, podr\u00eda perder el acceso a algunos de los servicios o secciones ofrecidos en el Sitio Web. <\/p>\n","protected":false},"excerpt":{"rendered":"<p>Pol\u00edtica de Cookies Con el fin de facilitar su navegaci\u00f3n por el Sitio Web titularidad de Marbella Propiedades, le comunicamos que el mismo utiliza cookies u otros archivos de funcionalidad similar (en adelante, las \u201cCookies\u201d). En todo caso, le informamos que Marbella Propiedades es el responsable de las Cookies y del tratamiento de los datos obtenidos a trav\u00e9s de las mismas, decidiendo sobre la &#8230;<\/p>\n","protected":false},"author":3,"featured_media":0,"parent":0,"menu_order":0,"comment_status":"closed","ping_status":"closed","template":"page-templates\/gdpr_terms.php","meta":{"footnotes":""},"yst_prominent_words":[1289,1287,1292,1284,1275,1285,1276,1282,792,1277,1281,1288,1283,1290,1274,1280,1286,1291,1279,1278],"class_list":["post-3681","page","type-page","status-publish","hentry"],"_links":{"self":[{"href":"https:\/\/marbellapropiedades.com\/en\/wp-json\/wp\/v2\/pages\/3681","targetHints":{"allow":["GET"]}}],"collection":[{"href":"https:\/\/marbellapropiedades.com\/en\/wp-json\/wp\/v2\/pages"}],"about":[{"href":"https:\/\/marbellapropiedades.com\/en\/wp-json\/wp\/v2\/types\/page"}],"author":[{"embeddable":true,"href":"https:\/\/marbellapropiedades.com\/en\/wp-json\/wp\/v2\/users\/3"}],"replies":[{"embeddable":true,"href":"https:\/\/marbellapropiedades.com\/en\/wp-json\/wp\/v2\/comments?post=3681"}],"version-history":[{"count":0,"href":"https:\/\/marbellapropiedades.com\/en\/wp-json\/wp\/v2\/pages\/3681\/revisions"}],"wp:attachment":[{"href":"https:\/\/marbellapropiedades.com\/en\/wp-json\/wp\/v2\/media?parent=3681"}],"wp:term":[{"taxonomy":"yst_prominent_words","embeddable":true,"href":"https:\/\/marbellapropiedades.com\/en\/wp-json\/wp\/v2\/yst_prominent_words?post=3681"}],"curies":[{"name":"wp","href":"https:\/\/api.w.org\/{rel}","templated":true}]}}